{"id":97,"date":"2017-02-04T17:58:58","date_gmt":"2017-02-04T16:58:58","guid":{"rendered":"http:\/\/saengerberg.de\/?page_id=97"},"modified":"2017-02-05T18:33:28","modified_gmt":"2017-02-05T17:33:28","slug":"kontak-und-reservierung","status":"publish","type":"page","link":"https:\/\/saengerberg.de\/?page_id=97","title":{"rendered":"Kontakt und Reservierung"},"content":{"rendered":"<p>F\u00fcr Zimmerbuchungen und f\u00fcr Veranstaltungen k\u00f6nnen Sie uns wie folgt erreichen.<\/p>\n<p>Anschrift und Telefonnummern<\/p>\n<p>G\u00e4stehaus S\u00e4ngerberg<br \/>\nMichaela Droege<\/p>\n<p>S\u00e4ngerberg 1<br \/>\nD 22946 Trittau<\/p>\n<p>Tel: 04154-793232 (from outside Germany: +49-4154-793232)<\/p>\n<p>Fax: 04154-841967(from outside Germany: +49-4154-841967)<\/p>\n<p>Mobil: 0160-97031134 (from outside Germany: +49-160-97031134)<\/p>\n<p>Internet: <a href=\"http:\/\/www.saengerberg.de\">www.saengerberg.de<\/a><\/p>\n<p>E-Mail: gaestehaus@saengerberg.de<\/p>\n<div><\/div>\n","protected":false},"excerpt":{"rendered":"<p>F\u00fcr Zimmerbuchungen und f\u00fcr Veranstaltungen k\u00f6nnen Sie uns wie folgt erreichen. Anschrift und Telefonnummern G\u00e4stehaus S\u00e4ngerberg Michaela Droege S\u00e4ngerberg 1 D 22946 Trittau Tel: 04154-793232 (from outside Germany: +49-4154-793232) Fax: 04154-841967(from outside Germany: +49-4154-841967) Mobil: 0160-97031134 (from outside Germany: +49-160-97031134) Internet: www.saengerberg.de E-Mail: gaestehaus@saengerberg.de<\/p>\n","protected":false},"author":1,"featured_media":0,"parent":0,"menu_order":0,"comment_status":"closed","ping_status":"closed","template":"","meta":{"footnotes":""},"class_list":["post-97","page","type-page","status-publish","hentry","post-preview"],"_links":{"self":[{"href":"https:\/\/saengerberg.de\/index.php?rest_route=\/wp\/v2\/pages\/97","targetHints":{"allow":["GET"]}}],"collection":[{"href":"https:\/\/saengerberg.de\/index.php?rest_route=\/wp\/v2\/pages"}],"about":[{"href":"https:\/\/saengerberg.de\/index.php?rest_route=\/wp\/v2\/types\/page"}],"author":[{"embeddable":true,"href":"https:\/\/saengerberg.de\/index.php?rest_route=\/wp\/v2\/users\/1"}],"replies":[{"embeddable":true,"href":"https:\/\/saengerberg.de\/index.php?rest_route=%2Fwp%2Fv2%2Fcomments&post=97"}],"version-history":[{"count":8,"href":"https:\/\/saengerberg.de\/index.php?rest_route=\/wp\/v2\/pages\/97\/revisions"}],"predecessor-version":[{"id":159,"href":"https:\/\/saengerberg.de\/index.php?rest_route=\/wp\/v2\/pages\/97\/revisions\/159"}],"wp:attachment":[{"href":"https:\/\/saengerberg.de\/index.php?rest_route=%2Fwp%2Fv2%2Fmedia&parent=97"}],"curies":[{"name":"wp","href":"https:\/\/api.w.org\/{rel}","templated":true}]}}