{"id":129,"date":"2017-02-04T18:42:16","date_gmt":"2017-02-04T17:42:16","guid":{"rendered":"http:\/\/saengerberg.de\/?page_id=129"},"modified":"2017-03-08T21:25:36","modified_gmt":"2017-03-08T20:25:36","slug":"impressionen-vom-saengerberg","status":"publish","type":"page","link":"https:\/\/saengerberg.de\/?page_id=129","title":{"rendered":"Impressionen vom S\u00e4ngerberg"},"content":{"rendered":"<div id=\"attachment_291\" style=\"width: 686px\" class=\"wp-caption aligncenter\"><img loading=\"lazy\" decoding=\"async\" aria-describedby=\"caption-attachment-291\" class=\"wp-image-291 size-large\" src=\"http:\/\/saengerberg.de\/wp-content\/uploads\/2017\/02\/Bachlauffr\u00fchlinggepxt-1-1024x678.jpg\" alt=\"\" width=\"676\" height=\"448\" srcset=\"https:\/\/saengerberg.de\/wp-content\/uploads\/2017\/02\/Bachlauffr\u00fchlinggepxt-1-1024x678.jpg 1024w, https:\/\/saengerberg.de\/wp-content\/uploads\/2017\/02\/Bachlauffr\u00fchlinggepxt-1-300x199.jpg 300w, https:\/\/saengerberg.de\/wp-content\/uploads\/2017\/02\/Bachlauffr\u00fchlinggepxt-1-768x509.jpg 768w, https:\/\/saengerberg.de\/wp-content\/uploads\/2017\/02\/Bachlauffr\u00fchlinggepxt-1-676x448.jpg 676w, https:\/\/saengerberg.de\/wp-content\/uploads\/2017\/02\/Bachlauffr\u00fchlinggepxt-1.jpg 1800w\" sizes=\"auto, (max-width: 676px) 100vw, 676px\" \/><p id=\"caption-attachment-291\" class=\"wp-caption-text\"><span style=\"color: #003300;\"><em><strong>Fr\u00fchling<\/strong><\/em><\/span><\/p><\/div>\n<div id=\"attachment_297\" style=\"width: 686px\" class=\"wp-caption aligncenter\"><img loading=\"lazy\" decoding=\"async\" aria-describedby=\"caption-attachment-297\" class=\"wp-image-297 size-large\" src=\"http:\/\/saengerberg.de\/wp-content\/uploads\/2017\/02\/G\u00e4stehaus-Herbst-gepx-1-1024x768.jpg\" alt=\"\" width=\"676\" height=\"507\" srcset=\"https:\/\/saengerberg.de\/wp-content\/uploads\/2017\/02\/G\u00e4stehaus-Herbst-gepx-1-1024x768.jpg 1024w, https:\/\/saengerberg.de\/wp-content\/uploads\/2017\/02\/G\u00e4stehaus-Herbst-gepx-1-300x225.jpg 300w, https:\/\/saengerberg.de\/wp-content\/uploads\/2017\/02\/G\u00e4stehaus-Herbst-gepx-1-768x576.jpg 768w, https:\/\/saengerberg.de\/wp-content\/uploads\/2017\/02\/G\u00e4stehaus-Herbst-gepx-1-676x507.jpg 676w, https:\/\/saengerberg.de\/wp-content\/uploads\/2017\/02\/G\u00e4stehaus-Herbst-gepx-1.jpg 1800w\" sizes=\"auto, (max-width: 676px) 100vw, 676px\" \/><p id=\"caption-attachment-297\" class=\"wp-caption-text\"><span style=\"color: #003300;\"><em><strong>Herbstfarben<\/strong><\/em><\/span><\/p><\/div>\n<div id=\"attachment_298\" style=\"width: 686px\" class=\"wp-caption aligncenter\"><img loading=\"lazy\" decoding=\"async\" aria-describedby=\"caption-attachment-298\" class=\"wp-image-298 size-large\" src=\"http:\/\/saengerberg.de\/wp-content\/uploads\/2017\/02\/2015-03-19-12.38.58-1-1024x768.jpg\" alt=\"\" width=\"676\" height=\"507\" srcset=\"https:\/\/saengerberg.de\/wp-content\/uploads\/2017\/02\/2015-03-19-12.38.58-1-1024x768.jpg 1024w, https:\/\/saengerberg.de\/wp-content\/uploads\/2017\/02\/2015-03-19-12.38.58-1-300x225.jpg 300w, https:\/\/saengerberg.de\/wp-content\/uploads\/2017\/02\/2015-03-19-12.38.58-1-768x576.jpg 768w, https:\/\/saengerberg.de\/wp-content\/uploads\/2017\/02\/2015-03-19-12.38.58-1-676x507.jpg 676w, https:\/\/saengerberg.de\/wp-content\/uploads\/2017\/02\/2015-03-19-12.38.58-1.jpg 1800w\" sizes=\"auto, (max-width: 676px) 100vw, 676px\" \/><p id=\"caption-attachment-298\" class=\"wp-caption-text\"><span style=\"color: #003300;\"><em><strong>Fr\u00fchst\u00fcckw\u00fcnsche<\/strong><\/em><\/span><\/p><\/div>\n<div id=\"attachment_201\" style=\"width: 686px\" class=\"wp-caption aligncenter\"><img loading=\"lazy\" decoding=\"async\" aria-describedby=\"caption-attachment-201\" class=\"wp-image-201 size-large\" src=\"http:\/\/saengerberg.de\/wp-content\/uploads\/2017\/02\/Garten-1024x768.jpg\" alt=\"\" width=\"676\" height=\"507\" srcset=\"https:\/\/saengerberg.de\/wp-content\/uploads\/2017\/02\/Garten-1024x768.jpg 1024w, https:\/\/saengerberg.de\/wp-content\/uploads\/2017\/02\/Garten-300x225.jpg 300w, https:\/\/saengerberg.de\/wp-content\/uploads\/2017\/02\/Garten-768x576.jpg 768w, https:\/\/saengerberg.de\/wp-content\/uploads\/2017\/02\/Garten.jpg 1800w\" sizes=\"auto, (max-width: 676px) 100vw, 676px\" \/><p id=\"caption-attachment-201\" class=\"wp-caption-text\"><span style=\"color: #003300;\"><em><strong>Fr\u00fchsommer-Stimmung<\/strong><\/em><\/span><\/p><\/div>\n<div id=\"attachment_240\" style=\"width: 518px\" class=\"wp-caption aligncenter\"><img loading=\"lazy\" decoding=\"async\" aria-describedby=\"caption-attachment-240\" class=\"wp-image-240\" src=\"http:\/\/saengerberg.de\/wp-content\/uploads\/2017\/02\/cropped-G\u00e4stehaus-schild.png\" alt=\"\" width=\"508\" height=\"508\" srcset=\"https:\/\/saengerberg.de\/wp-content\/uploads\/2017\/02\/cropped-G\u00e4stehaus-schild.png 512w, https:\/\/saengerberg.de\/wp-content\/uploads\/2017\/02\/cropped-G\u00e4stehaus-schild-150x150.png 150w, https:\/\/saengerberg.de\/wp-content\/uploads\/2017\/02\/cropped-G\u00e4stehaus-schild-300x300.png 300w, https:\/\/saengerberg.de\/wp-content\/uploads\/2017\/02\/cropped-G\u00e4stehaus-schild-270x270.png 270w, https:\/\/saengerberg.de\/wp-content\/uploads\/2017\/02\/cropped-G\u00e4stehaus-schild-192x192.png 192w, https:\/\/saengerberg.de\/wp-content\/uploads\/2017\/02\/cropped-G\u00e4stehaus-schild-180x180.png 180w, https:\/\/saengerberg.de\/wp-content\/uploads\/2017\/02\/cropped-G\u00e4stehaus-schild-32x32.png 32w\" sizes=\"auto, (max-width: 508px) 100vw, 508px\" \/><p id=\"caption-attachment-240\" class=\"wp-caption-text\"><em><span style=\"color: #003300;\"><strong>Schild an der Einfahrt des Privatweges<\/strong><\/span><\/em><\/p><\/div>\n<div id=\"attachment_227\" style=\"width: 686px\" class=\"wp-caption aligncenter\"><img loading=\"lazy\" decoding=\"async\" aria-describedby=\"caption-attachment-227\" class=\"wp-image-227 size-large\" src=\"http:\/\/saengerberg.de\/wp-content\/uploads\/2017\/02\/cropped-G\u00e4stehaus-4.Mai-03-003gepx-2-1-1-1024x666.jpg\" alt=\"\" width=\"676\" height=\"440\" srcset=\"https:\/\/saengerberg.de\/wp-content\/uploads\/2017\/02\/cropped-G\u00e4stehaus-4.Mai-03-003gepx-2-1-1-1024x666.jpg 1024w, https:\/\/saengerberg.de\/wp-content\/uploads\/2017\/02\/cropped-G\u00e4stehaus-4.Mai-03-003gepx-2-1-1-300x195.jpg 300w, https:\/\/saengerberg.de\/wp-content\/uploads\/2017\/02\/cropped-G\u00e4stehaus-4.Mai-03-003gepx-2-1-1-768x499.jpg 768w, https:\/\/saengerberg.de\/wp-content\/uploads\/2017\/02\/cropped-G\u00e4stehaus-4.Mai-03-003gepx-2-1-1.jpg 1920w\" sizes=\"auto, (max-width: 676px) 100vw, 676px\" \/><p id=\"caption-attachment-227\" class=\"wp-caption-text\"><span style=\"color: #003300;\"><em><strong>Schleswig-Holstein Flagge<\/strong><\/em><\/span><\/p><\/div>\n<div id=\"attachment_209\" style=\"width: 686px\" class=\"wp-caption aligncenter\"><img loading=\"lazy\" decoding=\"async\" aria-describedby=\"caption-attachment-209\" class=\"wp-image-209 size-large\" src=\"http:\/\/saengerberg.de\/wp-content\/uploads\/2017\/02\/Hortensien-gepxt-1024x678.jpg\" alt=\"\" width=\"676\" height=\"448\" srcset=\"https:\/\/saengerberg.de\/wp-content\/uploads\/2017\/02\/Hortensien-gepxt-1024x678.jpg 1024w, https:\/\/saengerberg.de\/wp-content\/uploads\/2017\/02\/Hortensien-gepxt-300x199.jpg 300w, https:\/\/saengerberg.de\/wp-content\/uploads\/2017\/02\/Hortensien-gepxt-768x509.jpg 768w, https:\/\/saengerberg.de\/wp-content\/uploads\/2017\/02\/Hortensien-gepxt.jpg 1800w\" sizes=\"auto, (max-width: 676px) 100vw, 676px\" \/><p id=\"caption-attachment-209\" class=\"wp-caption-text\"><span style=\"color: #003300;\"><em><strong>Hortensienpracht<\/strong><\/em><\/span><\/p><\/div>\n","protected":false},"excerpt":{"rendered":"","protected":false},"author":1,"featured_media":0,"parent":0,"menu_order":0,"comment_status":"closed","ping_status":"closed","template":"","meta":{"footnotes":""},"class_list":["post-129","page","type-page","status-publish","hentry","post-preview"],"_links":{"self":[{"href":"https:\/\/saengerberg.de\/index.php?rest_route=\/wp\/v2\/pages\/129","targetHints":{"allow":["GET"]}}],"collection":[{"href":"https:\/\/saengerberg.de\/index.php?rest_route=\/wp\/v2\/pages"}],"about":[{"href":"https:\/\/saengerberg.de\/index.php?rest_route=\/wp\/v2\/types\/page"}],"author":[{"embeddable":true,"href":"https:\/\/saengerberg.de\/index.php?rest_route=\/wp\/v2\/users\/1"}],"replies":[{"embeddable":true,"href":"https:\/\/saengerberg.de\/index.php?rest_route=%2Fwp%2Fv2%2Fcomments&post=129"}],"version-history":[{"count":4,"href":"https:\/\/saengerberg.de\/index.php?rest_route=\/wp\/v2\/pages\/129\/revisions"}],"predecessor-version":[{"id":313,"href":"https:\/\/saengerberg.de\/index.php?rest_route=\/wp\/v2\/pages\/129\/revisions\/313"}],"wp:attachment":[{"href":"https:\/\/saengerberg.de\/index.php?rest_route=%2Fwp%2Fv2%2Fmedia&parent=129"}],"curies":[{"name":"wp","href":"https:\/\/api.w.org\/{rel}","templated":true}]}}