{"id":121,"date":"2017-02-04T18:26:23","date_gmt":"2017-02-04T17:26:23","guid":{"rendered":"http:\/\/saengerberg.de\/?page_id=121"},"modified":"2026-04-01T09:49:07","modified_gmt":"2026-04-01T08:49:07","slug":"preise","status":"publish","type":"page","link":"https:\/\/saengerberg.de\/?page_id=121","title":{"rendered":"Preise"},"content":{"rendered":"<h3>Zimmer<\/h3>\n<p>Alle Zimmer mit Duschbad\/WC,\u00a0 W-LAN, Flachbild-Fernseher und optional reichhaltigem Fr\u00fchst\u00fcck.<strong>\u00a0 \u00a0 \u00a0<\/strong><\/p>\n<ul>\n<li>Einzelzimmer: \u00a0 \u20ac 80,-<\/li>\n<li>Doppelzimmer : \u20ac 100,-<\/li>\n<li>Ein Doppelzimmer kann selbstverst\u00e4ndlich auch zur Einzelnutzung gebucht werden<\/li>\n<li>Fr\u00fchst\u00fcck \u20ac 14,00 pro Person<\/li>\n<li>Fr\u00fchst\u00fcck f\u00fcr dazukommende G\u00e4ste: \u20ac 17,50<\/li>\n<\/ul>\n<p>Eines der Doppelzimmer ist mit einem zus\u00e4tzlichen Schlafsofa f\u00fcr 1-2 Personen ausgestattet. Im Einzelzimmer steht zus\u00e4tlich ein Schlafsessel mit guter Matratze. Zusatzbett egal ob im\u00a0 Einzel- oder Doppelzimmer pro Person \u20ac30,00.<\/p>\n<p>Bei l\u00e4ngerem Aufenthalt oder f\u00fcr das gesamte Haus gelten Preise nach Absprache.<\/p>\n<p>Alle Preise verstehen sich inkl. Mwst., zahlen k\u00f6nnen Sie in Bar, EC Karte oder per \u00dcberweisung (nach vorheriger\u00a0 Absprache).<\/p>\n<p>Kostenlose Stornierung bis 14 Uhr am Anreisetag m\u00f6glich. Danach wird eine Nacht in Rechnung gestellt.<\/p>\n<h3><\/h3>\n<h3>Raum im G\u00e4stehaus (Seminare\/Feiern)<\/h3>\n<p>Bei uns mieten Sie nur den Raum mit Tischen und St\u00fchlen, optional auch Tischdecken und Geschirr.<br \/>\nSpeisen und Getr\u00e4nke bringt Ihr Partyservice mit oder sie sorgen selbst daf\u00fcr.<br \/>\nEin Getr\u00e4nkek\u00fchlschrank steht zur Verf\u00fcgung.<br \/>\nDie Preise f\u00fcr Seminare, Feierlichkeiten etc. im G\u00e4stehaus h\u00e4ngen von der Personenzahl ab.<\/p>\n<p>Preis f\u00fcr Seminare (Raummiete):<\/p>\n<ul>\n<li>bis 8 Personen: \u20ac 270,-<\/li>\n<li>bis 18 Personen: \u20ac 320,-<\/li>\n<li>Beamer: \u20ac 30,00 (Leinwand vorhanden)<\/li>\n<\/ul>\n<p>Verpflegung f\u00fcr Seminare auf Anfrage.<\/p>\n<p>Preise\u00a0 f\u00fcr Feiern:<\/p>\n<ul>\n<li>Feier im\u00a0 Wohnraum plus K\u00fcchennutzung f\u00fcr Buffet etc. bis 24 Personen: \u20ac320,00 , zzgl. Endreinigung \u20ac 80,00<\/li>\n<li>Feier im Wohnraum plus K\u00fcchennutzung f\u00fcr Buffet etc. 25-40 Personen:<br \/>\n\u20ac 420,00, zzgl. Endreinigung \u20ac 95,00<\/li>\n<li>Tische, St\u00fchle Kerzenleuchter,Windlichter, Aschenbecher sind inklusive<\/li>\n<li>Geschirr (Teller, Gl\u00e4ser, Besteck): pro Person \u20ac 4,00<\/li>\n<li>Tischdecken (gro\u00df) pro\u00a0 St\u00fcck: \u20ac 12,-<\/li>\n<\/ul>\n<p>Alle Preise verstehen sich inkl. Mwst, zahlen k\u00f6nnen Sie in Bar, per EC Karte oder nach Absprache gegen Rechnung.<\/p>\n<p>Eine Anzahlung ist nicht erforderlich. Bis 4 Wochen vorher kann eine Veranstaltung konstenlos storniert werden, danach berechnen wir 25% der Basismiete, in der letzten Woche 75%.<\/p>\n","protected":false},"excerpt":{"rendered":"<p>Zimmer Alle Zimmer mit Duschbad\/WC,\u00a0 W-LAN, Flachbild-Fernseher und optional reichhaltigem Fr\u00fchst\u00fcck.\u00a0 \u00a0 \u00a0 Einzelzimmer: \u00a0 \u20ac 80,- Doppelzimmer : \u20ac 100,- Ein Doppelzimmer kann selbstverst\u00e4ndlich auch zur Einzelnutzung gebucht werden Fr\u00fchst\u00fcck \u20ac 14,00 pro Person Fr\u00fchst\u00fcck f\u00fcr dazukommende G\u00e4ste: \u20ac 17,50 Eines der Doppelzimmer ist mit einem zus\u00e4tzlichen Schlafsofa f\u00fcr 1-2 Personen ausgestattet. Im Einzelzimmer [&hellip;]<\/p>\n","protected":false},"author":1,"featured_media":0,"parent":0,"menu_order":0,"comment_status":"closed","ping_status":"closed","template":"","meta":{"footnotes":""},"class_list":["post-121","page","type-page","status-publish","hentry","post-preview"],"_links":{"self":[{"href":"https:\/\/saengerberg.de\/index.php?rest_route=\/wp\/v2\/pages\/121","targetHints":{"allow":["GET"]}}],"collection":[{"href":"https:\/\/saengerberg.de\/index.php?rest_route=\/wp\/v2\/pages"}],"about":[{"href":"https:\/\/saengerberg.de\/index.php?rest_route=\/wp\/v2\/types\/page"}],"author":[{"embeddable":true,"href":"https:\/\/saengerberg.de\/index.php?rest_route=\/wp\/v2\/users\/1"}],"replies":[{"embeddable":true,"href":"https:\/\/saengerberg.de\/index.php?rest_route=%2Fwp%2Fv2%2Fcomments&post=121"}],"version-history":[{"count":16,"href":"https:\/\/saengerberg.de\/index.php?rest_route=\/wp\/v2\/pages\/121\/revisions"}],"predecessor-version":[{"id":497,"href":"https:\/\/saengerberg.de\/index.php?rest_route=\/wp\/v2\/pages\/121\/revisions\/497"}],"wp:attachment":[{"href":"https:\/\/saengerberg.de\/index.php?rest_route=%2Fwp%2Fv2%2Fmedia&parent=121"}],"curies":[{"name":"wp","href":"https:\/\/api.w.org\/{rel}","templated":true}]}}