{"id":103,"date":"2017-02-04T18:07:16","date_gmt":"2017-02-04T17:07:16","guid":{"rendered":"http:\/\/saengerberg.de\/?page_id=103"},"modified":"2017-02-04T18:19:28","modified_gmt":"2017-02-04T17:19:28","slug":"oscar-droege","status":"publish","type":"page","link":"https:\/\/saengerberg.de\/?page_id=103","title":{"rendered":"Oscar Droege"},"content":{"rendered":"<p>Der Maler Oscar Droege, ein naher Verwandter der Inhaberfamilie des S\u00e4ngerbergs, lebte von 1898 &#8211; 1983. Seine Bilder sind gepr\u00e4gt von der norddeutschen Landschaft. Besonders bekannt wurde Oscar Droege durch seine farbigen Holzdrucke.<\/p>\n<p>&nbsp;<\/p>\n<p><img loading=\"lazy\" decoding=\"async\" class=\"aligncenter size-full wp-image-19\" src=\"http:\/\/saengerberg.de\/wp-content\/uploads\/2017\/02\/Oscar_Droege1.jpg\" alt=\"\" width=\"448\" height=\"263\" srcset=\"https:\/\/saengerberg.de\/wp-content\/uploads\/2017\/02\/Oscar_Droege1.jpg 448w, https:\/\/saengerberg.de\/wp-content\/uploads\/2017\/02\/Oscar_Droege1-300x176.jpg 300w\" sizes=\"auto, (max-width: 448px) 100vw, 448px\" \/><\/p>\n<p>&nbsp;<\/p>\n<p>Er studierte an den Kunstakademien in Darmstadt, D\u00fcsseldorf und Hamburg. Abgesehen von den zwei gro\u00dfen Kriegen, die er als Soldat mitmachen mu\u00dfte, hat er konsequent von und f\u00fcr seine Kunst gelebt &#8211; allerdings abseits von den Zeitstr\u00f6mungen und in bewu\u00dfter Distanz zu Kunstbetrieb und Kunstmarkt. Oscar Droege hat gezeichnet und in \u00f6l gemalt, und ab 1922, durch Anregung Professor von Kalkreuths, den Holzschnitt als seine bevorzugte Technik entwickelt. Die hohe Qualit\u00e4t seiner Arbeit brachte ihm Anerkennung und seinem Werk eine gewisse Verbreitung, dennoch konnte er mit dieser Technik und mit seinen Motiven in seinem Jahrhundert nur ein Einzelg\u00e4nger sein. Ab 1950 bereiste er ganz Europa mit dem Fahrrad. Obwohl er von \u00fcberall Skizzen mitbrachte, entstammen die meisten seiner ausgearbeiteten Motive seiner heimischen norddeutschen K\u00fcsten- und Seenlandschaft, denen seine Technik eine eigent\u00fcmliche japanisierende Stimmung verleiht. Er zieht das etwas dunstige Zwielicht und den Ausschnitt der offenen Landschaft mit klaren Volumen und Farben vor; trotz einer manchmal gewagten Farbigkeit und einer dramatischen Bewegung in den Linien wirken die Ansichten verhalten und distanziert. (zitiert aus finis artis)<\/p>\n<p>&nbsp;<\/p>\n<p><img loading=\"lazy\" decoding=\"async\" class=\"aligncenter size-full wp-image-21\" src=\"http:\/\/saengerberg.de\/wp-content\/uploads\/2017\/02\/OscarDroege2.jpg\" alt=\"\" width=\"448\" height=\"264\" srcset=\"https:\/\/saengerberg.de\/wp-content\/uploads\/2017\/02\/OscarDroege2.jpg 448w, https:\/\/saengerberg.de\/wp-content\/uploads\/2017\/02\/OscarDroege2-300x177.jpg 300w\" sizes=\"auto, (max-width: 448px) 100vw, 448px\" \/><\/p>\n<p>&nbsp;<\/p>\n<p>Im G\u00e4stehaus am S\u00e4ngerberg h\u00e4ngen verschiedene Holzschnitte und einige \u00f6lbilder von Oscar Droege, die er zum Teil als Geschenke bei seinen h\u00e4ufigen Besuchen hier in Trittau mitgebracht hat<\/p>\n<p>.<\/p>\n<p><img loading=\"lazy\" decoding=\"async\" class=\"aligncenter size-full wp-image-20\" src=\"http:\/\/saengerberg.de\/wp-content\/uploads\/2017\/02\/Oscar_Droege3.jpg\" alt=\"\" width=\"448\" height=\"278\" srcset=\"https:\/\/saengerberg.de\/wp-content\/uploads\/2017\/02\/Oscar_Droege3.jpg 448w, https:\/\/saengerberg.de\/wp-content\/uploads\/2017\/02\/Oscar_Droege3-300x186.jpg 300w\" sizes=\"auto, (max-width: 448px) 100vw, 448px\" \/><\/p>\n<p>&nbsp;<\/p>\n<p>&nbsp;<\/p>\n","protected":false},"excerpt":{"rendered":"<p>Der Maler Oscar Droege, ein naher Verwandter der Inhaberfamilie des S\u00e4ngerbergs, lebte von 1898 &#8211; 1983. Seine Bilder sind gepr\u00e4gt von der norddeutschen Landschaft. Besonders bekannt wurde Oscar Droege durch seine farbigen Holzdrucke. &nbsp; &nbsp; Er studierte an den Kunstakademien in Darmstadt, D\u00fcsseldorf und Hamburg. Abgesehen von den zwei gro\u00dfen Kriegen, die er als Soldat [&hellip;]<\/p>\n","protected":false},"author":1,"featured_media":0,"parent":0,"menu_order":0,"comment_status":"closed","ping_status":"closed","template":"","meta":{"footnotes":""},"class_list":["post-103","page","type-page","status-publish","hentry","post-preview"],"_links":{"self":[{"href":"https:\/\/saengerberg.de\/index.php?rest_route=\/wp\/v2\/pages\/103","targetHints":{"allow":["GET"]}}],"collection":[{"href":"https:\/\/saengerberg.de\/index.php?rest_route=\/wp\/v2\/pages"}],"about":[{"href":"https:\/\/saengerberg.de\/index.php?rest_route=\/wp\/v2\/types\/page"}],"author":[{"embeddable":true,"href":"https:\/\/saengerberg.de\/index.php?rest_route=\/wp\/v2\/users\/1"}],"replies":[{"embeddable":true,"href":"https:\/\/saengerberg.de\/index.php?rest_route=%2Fwp%2Fv2%2Fcomments&post=103"}],"version-history":[{"count":2,"href":"https:\/\/saengerberg.de\/index.php?rest_route=\/wp\/v2\/pages\/103\/revisions"}],"predecessor-version":[{"id":120,"href":"https:\/\/saengerberg.de\/index.php?rest_route=\/wp\/v2\/pages\/103\/revisions\/120"}],"wp:attachment":[{"href":"https:\/\/saengerberg.de\/index.php?rest_route=%2Fwp%2Fv2%2Fmedia&parent=103"}],"curies":[{"name":"wp","href":"https:\/\/api.w.org\/{rel}","templated":true}]}}