{"id":101,"date":"2017-02-04T18:05:19","date_gmt":"2017-02-04T17:05:19","guid":{"rendered":"http:\/\/saengerberg.de\/?page_id=101"},"modified":"2017-03-08T17:20:22","modified_gmt":"2017-03-08T16:20:22","slug":"so-finden-sie-uns","status":"publish","type":"page","link":"https:\/\/saengerberg.de\/?page_id=101","title":{"rendered":"So finden Sie uns"},"content":{"rendered":"<p>Das G\u00e4stehaus am S\u00e4ngerberg liegt direkt am Rand der Hahnheide in Trittau, ca 1\/2 Stunde von der Hamburger City und ca. 45 min vom Flughafen entfernt.<\/p>\n<p><a href=\"http:\/\/maps.google.de\/maps?f=q&amp;source=s_q&amp;hl=de&amp;geocode=&amp;q=%2B53%C2%B0+36%27+54.90%22,+%2B10%C2%B0+24%27+38.23%22+%2853.615251,+10.410619%29&amp;sll=53.615168,10.410731&amp;sspn=0.002877,0.008234&amp;ie=UTF8&amp;z=15\" target=\"_blank\">Routenplanung mit Google Maps<\/a><\/p>\n<p>Koordinaten f\u00fcr das Navi:<br \/>\n53\u00b0 36&#8242; 54.90&#8243; N \/ 10\u00b0 24&#8242; 38.23&#8243; E<\/p>\n<p>Mit dem Auto erreichen Sie uns:<\/p>\n<p><strong> von Westen und S\u00fcden (z.Bsp.von Hamburg) kommend<\/strong>: \u00fcber die A24 ab Hamburg Kreuz Ost Richtung Berlin, nach ca. 10 km Ausfahrt \u201cTrittau, Witzhave, Grande\u201d, auf der Landstra\u00dfe weiter Richtung Trittau. Nach der Einfahrt in den Ort Trittau biegen Sie nach ca. 1km links in Richtung Ortsmitte ab. Folgen Sie der Stra\u00dfe ca 1 km bis Sie nach Passieren einer Kirche und eines Marktplatzes rechts in die Stra\u00dfe \u201cAm Markt\u201d einbiegen. Folgen Sie nun der Stra\u00dfe. Nachdem Sie unter einer Stein-Br\u00fccke durchgefahren sind, biegen Sie rechts in den Weg \u201cS\u00e4ngerberg\u201d ab. Ca. 50m sp\u00e4ter biegen Sie wieder rechts ab.<img loading=\"lazy\" decoding=\"async\" class=\"alignnone size-full wp-image-206\" src=\"http:\/\/saengerberg.de\/wp-content\/uploads\/2017\/02\/G\u00e4stehaus-schild.png\" alt=\"\" width=\"500\" height=\"434\" srcset=\"https:\/\/saengerberg.de\/wp-content\/uploads\/2017\/02\/G\u00e4stehaus-schild.png 500w, https:\/\/saengerberg.de\/wp-content\/uploads\/2017\/02\/G\u00e4stehaus-schild-300x260.png 300w\" sizes=\"auto, (max-width: 500px) 100vw, 500px\" \/> Folgen Sie dem Weg bis Sie nach 500 m den S\u00e4ngerberg erreichen. Dort steht vor einem gr\u00fcnen Tor auf der linken Seite eine silbergraue Klingels\u00e4ule im Dunkeln auch beleuchtet. Klingen Sie bitte bei Droege, G\u00e4stehaus S\u00e4ngerberg oder Beifus.<\/p>\n<p><strong> von Osten (Berlin) kommend<\/strong>: \u00fcber die A24 Richtung Hamburg, Ausfahrt \u201cGrande \/ B404\u201d, auf die B404 Richtung Kiel\/ Trittau, Abfahrt \u201cTrittau\/Gro\u00dfensee\u201d, weiter Richtung Trittau. In Trittau angekommen gelangen Sie an eine T-Kreuzung. Biegen Sie hier rechts ab, und ca. 60m sp\u00e4ter links in die Stra\u00dfe \u201cAm Markt\u201d. Folgen Sie nun der Stra\u00dfe. Nachdem Sie unter einer Br\u00fccke durchgefahren sind, biegen Sie rechts in den Weg \u201cS\u00e4ngerberg\u201d ab. Ca. 50m sp\u00e4ter biegen Sie wieder rechts ab. Folgen Sie dem Weg bis Sie nach 500 m den S\u00e4ngerberg erreichen. Dort steht vor einem gr\u00fcnen Tor auf der linken Seite eine silbergraue Klingels\u00e4ule im Dunkeln auch beleuchtet.<\/p>\n<p><strong> von Norden kommend<\/strong>: A1 Abfahrt Bargteheide auf die B404 Richtung Schwarzenbek, nach 15 km Abfahrt \u201cTrittau\/Gro\u00dfensee\u201d. weiter Richtung Trittau. In Trittau angekommen gelangen Sie an eine T-Kreuzung. Biegen Sie hier rechts ab, und ca. 60m sp\u00e4ter links in die Stra\u00dfe \u201cAm Markt\u201d. Folgen Sie nun der Stra\u00dfe. Nachdem Sie unter einer Br\u00fccke durchgefahren sind, biegen Sie rechts in den Weg \u201cS\u00e4ngerberg\u201d ab. Ca. 50m sp\u00e4ter biegen Sie wieder rechts ab. Folgen Sie dem Weg bis Sie nach 500 m den S\u00e4ngerberg erreichen. Dort steht vor einem gr\u00fcnen Tor auf der linken Seite eine silbergraue Klingels\u00e4ule im Dunkeln auch beleuchtet.<\/p>\n<p>&nbsp;<\/p>\n<div>\u00a0<img loading=\"lazy\" decoding=\"async\" class=\"alignnone size-full wp-image-34\" src=\"http:\/\/saengerberg.de\/wp-content\/uploads\/2017\/02\/weg_trittau.gif\" alt=\"\" width=\"456\" height=\"600\" \/><img loading=\"lazy\" decoding=\"async\" class=\"alignnone size-full wp-image-33\" src=\"http:\/\/saengerberg.de\/wp-content\/uploads\/2017\/02\/weg_grob.gif\" alt=\"\" width=\"800\" height=\"573\" \/><\/div>\n","protected":false},"excerpt":{"rendered":"<p>Das G\u00e4stehaus am S\u00e4ngerberg liegt direkt am Rand der Hahnheide in Trittau, ca 1\/2 Stunde von der Hamburger City und ca. 45 min vom Flughafen entfernt. Routenplanung mit Google Maps Koordinaten f\u00fcr das Navi: 53\u00b0 36&#8242; 54.90&#8243; N \/ 10\u00b0 24&#8242; 38.23&#8243; E Mit dem Auto erreichen Sie uns: von Westen und S\u00fcden (z.Bsp.von Hamburg) [&hellip;]<\/p>\n","protected":false},"author":1,"featured_media":0,"parent":0,"menu_order":0,"comment_status":"closed","ping_status":"closed","template":"","meta":{"footnotes":""},"class_list":["post-101","page","type-page","status-publish","hentry","post-preview"],"_links":{"self":[{"href":"https:\/\/saengerberg.de\/index.php?rest_route=\/wp\/v2\/pages\/101","targetHints":{"allow":["GET"]}}],"collection":[{"href":"https:\/\/saengerberg.de\/index.php?rest_route=\/wp\/v2\/pages"}],"about":[{"href":"https:\/\/saengerberg.de\/index.php?rest_route=\/wp\/v2\/types\/page"}],"author":[{"embeddable":true,"href":"https:\/\/saengerberg.de\/index.php?rest_route=\/wp\/v2\/users\/1"}],"replies":[{"embeddable":true,"href":"https:\/\/saengerberg.de\/index.php?rest_route=%2Fwp%2Fv2%2Fcomments&post=101"}],"version-history":[{"count":11,"href":"https:\/\/saengerberg.de\/index.php?rest_route=\/wp\/v2\/pages\/101\/revisions"}],"predecessor-version":[{"id":302,"href":"https:\/\/saengerberg.de\/index.php?rest_route=\/wp\/v2\/pages\/101\/revisions\/302"}],"wp:attachment":[{"href":"https:\/\/saengerberg.de\/index.php?rest_route=%2Fwp%2Fv2%2Fmedia&parent=101"}],"curies":[{"name":"wp","href":"https:\/\/api.w.org\/{rel}","templated":true}]}}